{"id":44,"date":"2025-10-20T14:23:17","date_gmt":"2025-10-20T14:23:17","guid":{"rendered":"https:\/\/www.duopassion.fr\/?page_id=44"},"modified":"2026-03-06T08:20:58","modified_gmt":"2026-03-06T07:20:58","slug":"elementor-44","status":"publish","type":"page","link":"https:\/\/www.duopassion.fr\/","title":{"rendered":"Accueil"},"content":{"rendered":"\t\t<div data-elementor-type=\"wp-post\" data-elementor-id=\"44\" class=\"elementor elementor-44\">\n\t\t\t\t<div class=\"elementor-element elementor-element-67dbf25 e-con-full e-flex e-con e-parent\" data-id=\"67dbf25\" data-element_type=\"container\" data-settings=\"{&quot;background_background&quot;:&quot;classic&quot;}\">\n\t\t<div class=\"elementor-element elementor-element-64896cb e-con-full e-flex e-con e-child\" data-id=\"64896cb\" data-element_type=\"container\">\n\t\t\t\t<\/div>\n\t\t<div class=\"elementor-element elementor-element-d88e3e9 e-con-full e-flex e-con e-child\" data-id=\"d88e3e9\" data-element_type=\"container\">\n\t\t<div class=\"elementor-element elementor-element-00e8a48 e-grid e-con-full e-con e-child\" data-id=\"00e8a48\" data-element_type=\"container\">\n\t\t\t\t<div class=\"elementor-element elementor-element-34bc31f elementor-widget elementor-widget-image\" data-id=\"34bc31f\" data-element_type=\"widget\" data-widget_type=\"image.default\">\n\t\t\t\t\t\t\t\t\t\t\t\t<figure class=\"wp-caption\">\n\t\t\t\t\t\t\t\t\t\t\t<a href=\"https:\/\/www.duopassion.fr\/index.php\/dates-a-venir\/\">\n\t\t\t\t\t\t\t<img decoding=\"async\" width=\"64\" height=\"64\" src=\"http:\/\/www.duopassion.fr\/wp-content\/uploads\/2026\/01\/concert-de-musique_V1.png\" class=\"attachment-thumbnail size-thumbnail wp-image-327\" alt=\"\" \/>\t\t\t\t\t\t\t\t<\/a>\n\t\t\t\t\t\t\t\t\t\t\t<figcaption class=\"widget-image-caption wp-caption-text\">Dates \u00e0 venir<\/figcaption>\n\t\t\t\t\t\t\t\t\t\t<\/figure>\n\t\t\t\t\t\t\t\t\t<\/div>\n\t\t\t\t<div class=\"elementor-element elementor-element-ceae918 elementor-widget elementor-widget-image\" data-id=\"ceae918\" data-element_type=\"widget\" data-widget_type=\"image.default\">\n\t\t\t\t\t\t\t\t\t\t\t\t<figure class=\"wp-caption\">\n\t\t\t\t\t\t\t\t\t\t\t<a href=\"https:\/\/www.duopassion.fr\/index.php\/ecouter\">\n\t\t\t\t\t\t\t<img decoding=\"async\" width=\"64\" height=\"64\" src=\"http:\/\/www.duopassion.fr\/wp-content\/uploads\/2026\/01\/haut-parleur-musical_v1.png\" class=\"attachment-thumbnail size-thumbnail wp-image-328\" alt=\"\" \/>\t\t\t\t\t\t\t\t<\/a>\n\t\t\t\t\t\t\t\t\t\t\t<figcaption class=\"widget-image-caption wp-caption-text\">Ecouter un extrait<\/figcaption>\n\t\t\t\t\t\t\t\t\t\t<\/figure>\n\t\t\t\t\t\t\t\t\t<\/div>\n\t\t\t\t<\/div>\n\t\t\t\t<\/div>\n\t\t\t\t<div class=\"elementor-element elementor-element-824b160 elementor-widget__width-initial elementor-widget elementor-widget-image\" data-id=\"824b160\" data-element_type=\"widget\" data-widget_type=\"image.default\">\n\t\t\t\t\t\t\t\t\t\t\t\t\t\t\t<img fetchpriority=\"high\" decoding=\"async\" width=\"429\" height=\"644\" src=\"http:\/\/www.duopassion.fr\/wp-content\/uploads\/2026\/01\/DSC03997-Copie-3-e1769096448472.jpg\" class=\"attachment-full size-full wp-image-323\" alt=\"\" \/>\t\t\t\t\t\t\t\t\t\t\t\t\t\t\t<\/div>\n\t\t\t\t<div class=\"elementor-element elementor-element-1b86242 elementor-hidden-tablet elementor-widget elementor-widget-text-editor\" data-id=\"1b86242\" data-element_type=\"widget\" data-widget_type=\"text-editor.default\">\n\t\t\t\t\t\t\t\t\t<p>Ils ont pass\u00e9 des ann\u00e9es ensemble sur sc\u00e8ne dans des r\u00e9pertoires <br>tr\u00e8s vari\u00e9s allant de la musique de bal au classique en passant <br>par le swing, le jazz, la musique br\u00e9silienne et la musique argentine.<\/p>\n<p>Musiciens ouverts \u00e0 tous styles et s&rsquo;impr\u00e9gnant d&rsquo;influences diverses, <br>Sylviane THUAULT accord\u00e9oniste et Jean-Pierre BLONDEAU batteur, <br>vous invitent \u00e0 partager leur passion pour la musique vivante.<\/p>\t\t\t\t\t\t\t\t<\/div>\n\t\t\t\t<\/div>\n\t\t\t\t<\/div>\n\t\t","protected":false},"excerpt":{"rendered":"<p>Dates \u00e0 venir Ecouter un extrait Ils ont pass\u00e9 des ann\u00e9es ensemble sur sc\u00e8ne dans des r\u00e9pertoires tr\u00e8s vari\u00e9s allant [&hellip;]<\/p>\n","protected":false},"author":1,"featured_media":52,"parent":0,"menu_order":0,"comment_status":"closed","ping_status":"closed","template":"","meta":{"site-sidebar-layout":"no-sidebar","site-content-layout":"","ast-site-content-layout":"full-width-container","site-content-style":"default","site-sidebar-style":"default","ast-global-header-display":"","ast-banner-title-visibility":"","ast-main-header-display":"","ast-hfb-above-header-display":"","ast-hfb-below-header-display":"","ast-hfb-mobile-header-display":"","site-post-title":"disabled","ast-breadcrumbs-content":"","ast-featured-img":"disabled","footer-sml-layout":"","theme-transparent-header-meta":"","adv-header-id-meta":"","stick-header-meta":"","header-above-stick-meta":"","header-main-stick-meta":"","header-below-stick-meta":"","astra-migrate-meta-layouts":"default","ast-page-background-enabled":"default","ast-page-background-meta":{"desktop":{"background-color":"var(--ast-global-color-5)","background-image":"","background-repeat":"repeat","background-position":"center center","background-size":"auto","background-attachment":"scroll","background-type":"","background-media":"","overlay-type":"","overlay-color":"","overlay-opacity":"","overlay-gradient":""},"tablet":{"background-color":"","background-image":"","background-repeat":"repeat","background-position":"center center","background-size":"auto","background-attachment":"scroll","background-type":"","background-media":"","overlay-type":"","overlay-color":"","overlay-opacity":"","overlay-gradient":""},"mobile":{"background-color":"","background-image":"","background-repeat":"repeat","background-position":"center center","background-size":"auto","background-attachment":"scroll","background-type":"","background-media":"","overlay-type":"","overlay-color":"","overlay-opacity":"","overlay-gradient":""}},"ast-content-background-meta":{"desktop":{"background-color":"var(--ast-global-color-4)","background-image":"","background-repeat":"repeat","background-position":"center center","background-size":"auto","background-attachment":"scroll","background-type":"","background-media":"","overlay-type":"","overlay-color":"","overlay-opacity":"","overlay-gradient":""},"tablet":{"background-color":"var(--ast-global-color-4)","background-image":"","background-repeat":"repeat","background-position":"center center","background-size":"auto","background-attachment":"scroll","background-type":"","background-media":"","overlay-type":"","overlay-color":"","overlay-opacity":"","overlay-gradient":""},"mobile":{"background-color":"var(--ast-global-color-4)","background-image":"","background-repeat":"repeat","background-position":"center center","background-size":"auto","background-attachment":"scroll","background-type":"","background-media":"","overlay-type":"","overlay-color":"","overlay-opacity":"","overlay-gradient":""}},"footnotes":""},"class_list":["post-44","page","type-page","status-publish","has-post-thumbnail","hentry"],"_links":{"self":[{"href":"https:\/\/www.duopassion.fr\/index.php\/wp-json\/wp\/v2\/pages\/44","targetHints":{"allow":["GET"]}}],"collection":[{"href":"https:\/\/www.duopassion.fr\/index.php\/wp-json\/wp\/v2\/pages"}],"about":[{"href":"https:\/\/www.duopassion.fr\/index.php\/wp-json\/wp\/v2\/types\/page"}],"author":[{"embeddable":true,"href":"https:\/\/www.duopassion.fr\/index.php\/wp-json\/wp\/v2\/users\/1"}],"replies":[{"embeddable":true,"href":"https:\/\/www.duopassion.fr\/index.php\/wp-json\/wp\/v2\/comments?post=44"}],"version-history":[{"count":175,"href":"https:\/\/www.duopassion.fr\/index.php\/wp-json\/wp\/v2\/pages\/44\/revisions"}],"predecessor-version":[{"id":621,"href":"https:\/\/www.duopassion.fr\/index.php\/wp-json\/wp\/v2\/pages\/44\/revisions\/621"}],"wp:featuredmedia":[{"embeddable":true,"href":"https:\/\/www.duopassion.fr\/index.php\/wp-json\/wp\/v2\/media\/52"}],"wp:attachment":[{"href":"https:\/\/www.duopassion.fr\/index.php\/wp-json\/wp\/v2\/media?parent=44"}],"curies":[{"name":"wp","href":"https:\/\/api.w.org\/{rel}","templated":true}]}}