{"id":256,"date":"2025-11-10T10:53:23","date_gmt":"2025-11-10T09:53:23","guid":{"rendered":"https:\/\/www.duopassion.fr\/?page_id=256"},"modified":"2026-01-30T14:32:53","modified_gmt":"2026-01-30T13:32:53","slug":"repertoires","status":"publish","type":"page","link":"https:\/\/www.duopassion.fr\/index.php\/repertoires\/","title":{"rendered":"Repertoires"},"content":{"rendered":"\t\t<div data-elementor-type=\"wp-page\" data-elementor-id=\"256\" class=\"elementor elementor-256\">\n\t\t\t\t<div class=\"elementor-element elementor-element-aca376b e-flex e-con-boxed e-con e-parent\" data-id=\"aca376b\" data-element_type=\"container\">\n\t\t\t\t\t<div class=\"e-con-inner\">\n\t\t\t\t<div class=\"elementor-element elementor-element-5d74d91 elementor-widget elementor-widget-heading\" data-id=\"5d74d91\" data-element_type=\"widget\" data-widget_type=\"heading.default\">\n\t\t\t\t\t<h3 class=\"elementor-heading-title elementor-size-default\">R\u00e9pertoires<\/h3>\t\t\t\t<\/div>\n\t\t\t\t\t<\/div>\n\t\t\t\t<\/div>\n\t\t<div class=\"elementor-element elementor-element-ef80418 e-grid e-con-boxed e-con e-parent\" data-id=\"ef80418\" data-element_type=\"container\">\n\t\t\t\t\t<div class=\"e-con-inner\">\n\t\t\t\t<div class=\"elementor-element elementor-element-da6e55a elementor-widget elementor-widget-text-editor\" data-id=\"da6e55a\" data-element_type=\"widget\" data-widget_type=\"text-editor.default\">\n\t\t\t\t\t\t\t\t\t<p><strong>DUO PASSION<\/strong> vous propose 2 programmes amoureusement concoct\u00e9s :<\/p><ul><li><strong>NEW MUSETTE <\/strong>:\u00a0Un programme entre \u00ab\u00a0swing et jazz\u00a0\u00bb<br \/>Richard Galliano, Astor Piazzolla, Gus Viseur, Django Reinhard, Toots Tielemans, Paul Desmond&#8230;.<br \/>(jazz, bossa-nova, tango argentin, valse swing, salsa, &#8230;)<br \/>Musicalit\u00e9, virtuosit\u00e9 et pr\u00e9cision sont \u00e0 l&rsquo;honneur<br \/>Id\u00e9al : Concerts, festivals<\/li><li><strong>ACCORDEON VAGABOND<\/strong> : un programme convivial, plein de charme et de th\u00e8mes connus :<br \/>jazz, swing, vari\u00e9t\u00e9s, musette, musique br\u00e9silienne, le tout pouvant \u00eatre accompagn\u00e9 de quelques pas de danse<br \/>Id\u00e9al pour f\u00eate, ap\u00e9ro-concert, musique d&rsquo;ambiance, animations diverses, anniversaires.<\/li><\/ul>\t\t\t\t\t\t\t\t<\/div>\n\t\t\t\t\t<\/div>\n\t\t\t\t<\/div>\n\t\t\t\t<\/div>\n\t\t","protected":false},"excerpt":{"rendered":"<p>R\u00e9pertoires DUO PASSION vous propose 2 programmes amoureusement concoct\u00e9s : NEW MUSETTE :\u00a0Un programme entre \u00ab\u00a0swing et jazz\u00a0\u00bbRichard Galliano, Astor [&hellip;]<\/p>\n","protected":false},"author":1,"featured_media":0,"parent":0,"menu_order":0,"comment_status":"closed","ping_status":"closed","template":"","meta":{"site-sidebar-layout":"no-sidebar","site-content-layout":"","ast-site-content-layout":"full-width-container","site-content-style":"default","site-sidebar-style":"default","ast-global-header-display":"","ast-banner-title-visibility":"","ast-main-header-display":"","ast-hfb-above-header-display":"","ast-hfb-below-header-display":"","ast-hfb-mobile-header-display":"","site-post-title":"","ast-breadcrumbs-content":"","ast-featured-img":"disabled","footer-sml-layout":"","theme-transparent-header-meta":"","adv-header-id-meta":"","stick-header-meta":"","header-above-stick-meta":"","header-main-stick-meta":"","header-below-stick-meta":"","astra-migrate-meta-layouts":"default","ast-page-background-enabled":"default","ast-page-background-meta":{"desktop":{"background-color":"var(--ast-global-color-5)","background-image":"","background-repeat":"repeat","background-position":"center center","background-size":"auto","background-attachment":"scroll","background-type":"","background-media":"","overlay-type":"","overlay-color":"","overlay-opacity":"","overlay-gradient":""},"tablet":{"background-color":"","background-image":"","background-repeat":"repeat","background-position":"center center","background-size":"auto","background-attachment":"scroll","background-type":"","background-media":"","overlay-type":"","overlay-color":"","overlay-opacity":"","overlay-gradient":""},"mobile":{"background-color":"","background-image":"","background-repeat":"repeat","background-position":"center center","background-size":"auto","background-attachment":"scroll","background-type":"","background-media":"","overlay-type":"","overlay-color":"","overlay-opacity":"","overlay-gradient":""}},"ast-content-background-meta":{"desktop":{"background-color":"var(--ast-global-color-4)","background-image":"","background-repeat":"repeat","background-position":"center center","background-size":"auto","background-attachment":"scroll","background-type":"","background-media":"","overlay-type":"","overlay-color":"","overlay-opacity":"","overlay-gradient":""},"tablet":{"background-color":"var(--ast-global-color-4)","background-image":"","background-repeat":"repeat","background-position":"center center","background-size":"auto","background-attachment":"scroll","background-type":"","background-media":"","overlay-type":"","overlay-color":"","overlay-opacity":"","overlay-gradient":""},"mobile":{"background-color":"var(--ast-global-color-4)","background-image":"","background-repeat":"repeat","background-position":"center center","background-size":"auto","background-attachment":"scroll","background-type":"","background-media":"","overlay-type":"","overlay-color":"","overlay-opacity":"","overlay-gradient":""}},"footnotes":""},"class_list":["post-256","page","type-page","status-publish","hentry"],"_links":{"self":[{"href":"https:\/\/www.duopassion.fr\/index.php\/wp-json\/wp\/v2\/pages\/256","targetHints":{"allow":["GET"]}}],"collection":[{"href":"https:\/\/www.duopassion.fr\/index.php\/wp-json\/wp\/v2\/pages"}],"about":[{"href":"https:\/\/www.duopassion.fr\/index.php\/wp-json\/wp\/v2\/types\/page"}],"author":[{"embeddable":true,"href":"https:\/\/www.duopassion.fr\/index.php\/wp-json\/wp\/v2\/users\/1"}],"replies":[{"embeddable":true,"href":"https:\/\/www.duopassion.fr\/index.php\/wp-json\/wp\/v2\/comments?post=256"}],"version-history":[{"count":20,"href":"https:\/\/www.duopassion.fr\/index.php\/wp-json\/wp\/v2\/pages\/256\/revisions"}],"predecessor-version":[{"id":501,"href":"https:\/\/www.duopassion.fr\/index.php\/wp-json\/wp\/v2\/pages\/256\/revisions\/501"}],"wp:attachment":[{"href":"https:\/\/www.duopassion.fr\/index.php\/wp-json\/wp\/v2\/media?parent=256"}],"curies":[{"name":"wp","href":"https:\/\/api.w.org\/{rel}","templated":true}]}}