{"id":233,"date":"2025-10-30T16:31:11","date_gmt":"2025-10-30T15:31:11","guid":{"rendered":"https:\/\/www.duopassion.fr\/?page_id=233"},"modified":"2026-01-31T08:54:21","modified_gmt":"2026-01-31T07:54:21","slug":"contact","status":"publish","type":"page","link":"https:\/\/www.duopassion.fr\/index.php\/contact\/","title":{"rendered":"Contact"},"content":{"rendered":"\t\t<div data-elementor-type=\"wp-page\" data-elementor-id=\"233\" class=\"elementor elementor-233\">\n\t\t\t\t<div class=\"elementor-element elementor-element-405a8fb e-flex e-con-boxed e-con e-parent\" data-id=\"405a8fb\" data-element_type=\"container\">\n\t\t\t\t\t<div class=\"e-con-inner\">\n\t\t<div class=\"elementor-element elementor-element-6abe030 e-con-full e-flex e-con e-child\" data-id=\"6abe030\" data-element_type=\"container\">\n\t\t\t\t<div class=\"elementor-element elementor-element-14ae94a elementor-widget elementor-widget-google_maps\" data-id=\"14ae94a\" data-element_type=\"widget\" data-widget_type=\"google_maps.default\">\n\t\t\t\t\t\t\t<div class=\"elementor-custom-embed\">\n\t\t\t<iframe loading=\"lazy\"\n\t\t\t\t\tsrc=\"https:\/\/maps.google.com\/maps?q=3%20Impasse%20du%20Clos%20des%20Pr%C3%A9s%20-%2045250%20BRIARE&#038;t=m&#038;z=12&#038;output=embed&#038;iwloc=near\"\n\t\t\t\t\ttitle=\"3 Impasse du Clos des Pr\u00e9s - 45250 BRIARE\"\n\t\t\t\t\taria-label=\"3 Impasse du Clos des Pr\u00e9s - 45250 BRIARE\"\n\t\t\t><\/iframe>\n\t\t<\/div>\n\t\t\t\t\t\t<\/div>\n\t\t\t\t<\/div>\n\t\t<div class=\"elementor-element elementor-element-d4a2aab e-con-full e-flex e-con e-child\" data-id=\"d4a2aab\" data-element_type=\"container\">\n\t\t\t\t<div class=\"elementor-element elementor-element-e96748b elementor-widget elementor-widget-text-editor\" data-id=\"e96748b\" data-element_type=\"widget\" data-widget_type=\"text-editor.default\">\n\t\t\t\t\t\t\t\t\t<div class=\"mt-4\"><div class=\"label\"><strong>Jean-Pierre BLONDEAU<\/strong><\/div><\/div>\t\t\t\t\t\t\t\t<\/div>\n\t\t\t\t<div class=\"elementor-element elementor-element-6813bc4 elementor-widget elementor-widget-text-editor\" data-id=\"6813bc4\" data-element_type=\"widget\" data-widget_type=\"text-editor.default\">\n\t\t\t\t\t\t\t\t\t<div class=\"mt-4\">\n<div class=\"mt-4\">\n<div class=\"label\"><strong>Adresse de la compagnie ou de l&rsquo;artiste :<\/strong><\/div>\n<div>\n<p>3 impasse du Clos des Pr\u00e9s 45250 BRIARE<\/p>\n<\/div>\n<p><span class=\"telephone\"><strong>T\u00e9l\u00e9phone :<\/strong>&nbsp;02 38 31 28 34<br><\/span><strong>Email :<\/strong>&nbsp;jean-pierre.blondeau@orange.fr<\/p>\n<p><br><\/p>\n<\/div>\n<div class=\"mt-4\">\n<div class=\"label\">&nbsp;<\/div>\n<div>&nbsp;<\/div>\n<\/div>\n<\/div>\t\t\t\t\t\t\t\t<\/div>\n\t\t\t\t<\/div>\n\t\t\t\t\t<\/div>\n\t\t\t\t<\/div>\n\t\t\t\t<\/div>\n\t\t","protected":false},"excerpt":{"rendered":"<p>Jean-Pierre BLONDEAU Adresse de la compagnie ou de l&rsquo;artiste : 3 impasse du Clos des Pr\u00e9s 45250 BRIARE T\u00e9l\u00e9phone :&nbsp;02 [&hellip;]<\/p>\n","protected":false},"author":1,"featured_media":0,"parent":0,"menu_order":0,"comment_status":"closed","ping_status":"closed","template":"","meta":{"site-sidebar-layout":"no-sidebar","site-content-layout":"","ast-site-content-layout":"full-width-container","site-content-style":"default","site-sidebar-style":"default","ast-global-header-display":"","ast-banner-title-visibility":"","ast-main-header-display":"","ast-hfb-above-header-display":"","ast-hfb-below-header-display":"","ast-hfb-mobile-header-display":"","site-post-title":"","ast-breadcrumbs-content":"","ast-featured-img":"disabled","footer-sml-layout":"","theme-transparent-header-meta":"","adv-header-id-meta":"","stick-header-meta":"","header-above-stick-meta":"","header-main-stick-meta":"","header-below-stick-meta":"","astra-migrate-meta-layouts":"default","ast-page-background-enabled":"default","ast-page-background-meta":{"desktop":{"background-color":"var(--ast-global-color-5)","background-image":"","background-repeat":"repeat","background-position":"center center","background-size":"auto","background-attachment":"scroll","background-type":"","background-media":"","overlay-type":"","overlay-color":"","overlay-opacity":"","overlay-gradient":""},"tablet":{"background-color":"","background-image":"","background-repeat":"repeat","background-position":"center center","background-size":"auto","background-attachment":"scroll","background-type":"","background-media":"","overlay-type":"","overlay-color":"","overlay-opacity":"","overlay-gradient":""},"mobile":{"background-color":"","background-image":"","background-repeat":"repeat","background-position":"center center","background-size":"auto","background-attachment":"scroll","background-type":"","background-media":"","overlay-type":"","overlay-color":"","overlay-opacity":"","overlay-gradient":""}},"ast-content-background-meta":{"desktop":{"background-color":"var(--ast-global-color-4)","background-image":"","background-repeat":"repeat","background-position":"center center","background-size":"auto","background-attachment":"scroll","background-type":"","background-media":"","overlay-type":"","overlay-color":"","overlay-opacity":"","overlay-gradient":""},"tablet":{"background-color":"var(--ast-global-color-4)","background-image":"","background-repeat":"repeat","background-position":"center center","background-size":"auto","background-attachment":"scroll","background-type":"","background-media":"","overlay-type":"","overlay-color":"","overlay-opacity":"","overlay-gradient":""},"mobile":{"background-color":"var(--ast-global-color-4)","background-image":"","background-repeat":"repeat","background-position":"center center","background-size":"auto","background-attachment":"scroll","background-type":"","background-media":"","overlay-type":"","overlay-color":"","overlay-opacity":"","overlay-gradient":""}},"footnotes":""},"class_list":["post-233","page","type-page","status-publish","hentry"],"_links":{"self":[{"href":"https:\/\/www.duopassion.fr\/index.php\/wp-json\/wp\/v2\/pages\/233","targetHints":{"allow":["GET"]}}],"collection":[{"href":"https:\/\/www.duopassion.fr\/index.php\/wp-json\/wp\/v2\/pages"}],"about":[{"href":"https:\/\/www.duopassion.fr\/index.php\/wp-json\/wp\/v2\/types\/page"}],"author":[{"embeddable":true,"href":"https:\/\/www.duopassion.fr\/index.php\/wp-json\/wp\/v2\/users\/1"}],"replies":[{"embeddable":true,"href":"https:\/\/www.duopassion.fr\/index.php\/wp-json\/wp\/v2\/comments?post=233"}],"version-history":[{"count":16,"href":"https:\/\/www.duopassion.fr\/index.php\/wp-json\/wp\/v2\/pages\/233\/revisions"}],"predecessor-version":[{"id":523,"href":"https:\/\/www.duopassion.fr\/index.php\/wp-json\/wp\/v2\/pages\/233\/revisions\/523"}],"wp:attachment":[{"href":"https:\/\/www.duopassion.fr\/index.php\/wp-json\/wp\/v2\/media?parent=233"}],"curies":[{"name":"wp","href":"https:\/\/api.w.org\/{rel}","templated":true}]}}