{"id":2,"date":"2025-10-20T13:27:33","date_gmt":"2025-10-20T13:27:33","guid":{"rendered":"http:\/\/www.duopassion.fr\/?page_id=2"},"modified":"2026-02-23T08:08:29","modified_gmt":"2026-02-23T07:08:29","slug":"photos_videos","status":"publish","type":"page","link":"https:\/\/www.duopassion.fr\/index.php\/photos_videos\/","title":{"rendered":"Photos et Vid\u00e9os"},"content":{"rendered":"\t\t<div data-elementor-type=\"wp-page\" data-elementor-id=\"2\" class=\"elementor elementor-2\">\n\t\t\t\t<div class=\"elementor-element elementor-element-89f5911 e-flex e-con-boxed e-con e-parent\" data-id=\"89f5911\" data-element_type=\"container\">\n\t\t\t\t\t<div class=\"e-con-inner\">\n\t\t\t\t<div class=\"elementor-element elementor-element-8725caa e-n-tabs-mobile elementor-widget elementor-widget-n-tabs\" data-id=\"8725caa\" data-element_type=\"widget\" data-settings=\"{&quot;horizontal_scroll&quot;:&quot;disable&quot;}\" data-widget_type=\"nested-tabs.default\">\n\t\t\t\t\t\t\t<div class=\"e-n-tabs\" data-widget-number=\"141712554\" aria-label=\"Onglets. Ouvrez des \u00e9l\u00e9ments avec Entrer ou Espace, fermez-les avec Echape et naviguez \u00e0 l&#039;aide des touches fl\u00e9ch\u00e9es.\">\n\t\t\t<div class=\"e-n-tabs-heading\" role=\"tablist\">\n\t\t\t\t\t<button id=\"e-n-tab-title-1417125541\" data-tab-title-id=\"e-n-tab-title-1417125541\" class=\"e-n-tab-title\" aria-selected=\"true\" data-tab-index=\"1\" role=\"tab\" tabindex=\"0\" aria-controls=\"e-n-tab-content-1417125541\" style=\"--n-tabs-title-order: 1;\">\n\t\t\t\t\t\t<span class=\"e-n-tab-title-text\">\n\t\t\t\tPhotos\t\t\t<\/span>\n\t\t<\/button>\n\t\t\t\t<button id=\"e-n-tab-title-1417125542\" data-tab-title-id=\"e-n-tab-title-1417125542\" class=\"e-n-tab-title\" aria-selected=\"false\" data-tab-index=\"2\" role=\"tab\" tabindex=\"-1\" aria-controls=\"e-n-tab-content-1417125542\" style=\"--n-tabs-title-order: 2;\">\n\t\t\t\t\t\t<span class=\"e-n-tab-title-text\">\n\t\t\t\tVid\u00e9os\t\t\t<\/span>\n\t\t<\/button>\n\t\t\t\t\t<\/div>\n\t\t\t<div class=\"e-n-tabs-content\">\n\t\t\t\t<div id=\"e-n-tab-content-1417125541\" role=\"tabpanel\" aria-labelledby=\"e-n-tab-title-1417125541\" data-tab-index=\"1\" style=\"--n-tabs-title-order: 1;\" class=\"e-active elementor-element elementor-element-ba0e2c6 e-con-full e-flex e-con e-child\" data-id=\"ba0e2c6\" data-element_type=\"container\">\n\t\t\t\t<div class=\"elementor-element elementor-element-a903e56 elementor-arrows-position-inside elementor-widget elementor-widget-image-carousel\" data-id=\"a903e56\" data-element_type=\"widget\" data-settings=\"{&quot;slides_to_show&quot;:&quot;1&quot;,&quot;navigation&quot;:&quot;arrows&quot;,&quot;autoplay&quot;:&quot;yes&quot;,&quot;pause_on_hover&quot;:&quot;yes&quot;,&quot;pause_on_interaction&quot;:&quot;yes&quot;,&quot;autoplay_speed&quot;:5000,&quot;infinite&quot;:&quot;yes&quot;,&quot;effect&quot;:&quot;slide&quot;,&quot;speed&quot;:500}\" data-widget_type=\"image-carousel.default\">\n\t\t\t\t\t\t\t<div class=\"elementor-image-carousel-wrapper swiper\" role=\"region\" aria-roledescription=\"carousel\" aria-label=\"Carrousel d\u2019images\" dir=\"ltr\">\n\t\t\t<div class=\"elementor-image-carousel swiper-wrapper\" aria-live=\"off\">\n\t\t\t\t\t\t\t\t<div class=\"swiper-slide\" role=\"group\" aria-roledescription=\"slide\" aria-label=\"1 sur 10\"><a data-elementor-open-lightbox=\"yes\" data-elementor-lightbox-slideshow=\"a903e56\" data-elementor-lightbox-title=\"GIEN sc\u00e8ne ouverte 2023-8770\" data-elementor-lightbox-description=\"2023 - Gien - Sc\u00e9ne ouverte\" data-e-action-hash=\"#elementor-action%3Aaction%3Dlightbox%26settings%3DeyJpZCI6NDczLCJ1cmwiOiJodHRwczpcL1wvd3d3LmR1b3Bhc3Npb24uZnJcL3dwLWNvbnRlbnRcL3VwbG9hZHNcLzIwMjZcLzAxXC9HSUVOLXNjZW5lLW91dmVydGUtMjAyMy04NzcwLmpwZyIsInNsaWRlc2hvdyI6ImE5MDNlNTYifQ%3D%3D\" href=\"https:\/\/www.duopassion.fr\/wp-content\/uploads\/2026\/01\/GIEN-scene-ouverte-2023-8770.jpg\"><figure class=\"swiper-slide-inner\"><img decoding=\"async\" class=\"swiper-slide-image\" src=\"https:\/\/www.duopassion.fr\/wp-content\/uploads\/2026\/01\/GIEN-scene-ouverte-2023-8770-300x225.jpg\" alt=\"2023 - Gien - Sc\u00e9ne ouverte\" \/><figcaption class=\"elementor-image-carousel-caption\">2023 - Gien - Sc\u00e9ne ouverte<\/figcaption><\/figure><\/a><\/div><div class=\"swiper-slide\" role=\"group\" aria-roledescription=\"slide\" aria-label=\"2 sur 10\"><a data-elementor-open-lightbox=\"yes\" data-elementor-lightbox-slideshow=\"a903e56\" data-elementor-lightbox-title=\"GIEN sc\u00e8ne ouverte 2024 (2) danseur de charleston\" data-elementor-lightbox-description=\"2024 - Gien - Sc\u00e9ne ouverte\" data-e-action-hash=\"#elementor-action%3Aaction%3Dlightbox%26settings%3DeyJpZCI6NDc0LCJ1cmwiOiJodHRwczpcL1wvd3d3LmR1b3Bhc3Npb24uZnJcL3dwLWNvbnRlbnRcL3VwbG9hZHNcLzIwMjZcLzAxXC9HSUVOLXNjZW5lLW91dmVydGUtMjAyNC0yLWRhbnNldXItZGUtY2hhcmxlc3Rvbi5qcGciLCJzbGlkZXNob3ciOiJhOTAzZTU2In0%3D\" href=\"https:\/\/www.duopassion.fr\/wp-content\/uploads\/2026\/01\/GIEN-scene-ouverte-2024-2-danseur-de-charleston.jpg\"><figure class=\"swiper-slide-inner\"><img decoding=\"async\" class=\"swiper-slide-image\" src=\"https:\/\/www.duopassion.fr\/wp-content\/uploads\/2026\/01\/GIEN-scene-ouverte-2024-2-danseur-de-charleston-300x169.jpg\" alt=\"2024 - Gien - Sc\u00e9ne ouverte\" \/><figcaption class=\"elementor-image-carousel-caption\">2024 - Gien - Sc\u00e9ne ouverte<\/figcaption><\/figure><\/a><\/div><div class=\"swiper-slide\" role=\"group\" aria-roledescription=\"slide\" aria-label=\"3 sur 10\"><a data-elementor-open-lightbox=\"yes\" data-elementor-lightbox-slideshow=\"a903e56\" data-elementor-lightbox-title=\"Juin 2012 Blet (58) n\u00b00719\" data-elementor-lightbox-description=\"2012 Blet - Festival de jazz\" data-e-action-hash=\"#elementor-action%3Aaction%3Dlightbox%26settings%3DeyJpZCI6NDc1LCJ1cmwiOiJodHRwczpcL1wvd3d3LmR1b3Bhc3Npb24uZnJcL3dwLWNvbnRlbnRcL3VwbG9hZHNcLzIwMjZcLzAxXC9KdWluLTIwMTItQmxldC01OC1uXHUwMGIwMDcxOS5qcGciLCJzbGlkZXNob3ciOiJhOTAzZTU2In0%3D\" href=\"https:\/\/www.duopassion.fr\/wp-content\/uploads\/2026\/01\/Juin-2012-Blet-58-n\u00b00719.jpg\"><figure class=\"swiper-slide-inner\"><img decoding=\"async\" class=\"swiper-slide-image\" src=\"https:\/\/www.duopassion.fr\/wp-content\/uploads\/2026\/01\/Juin-2012-Blet-58-n\u00b00719-293x300.jpg\" alt=\"2012 Blet - Festival de jazz\" \/><figcaption class=\"elementor-image-carousel-caption\">2012 Blet - Festival de jazz<\/figcaption><\/figure><\/a><\/div><div class=\"swiper-slide\" role=\"group\" aria-roledescription=\"slide\" aria-label=\"4 sur 10\"><a data-elementor-open-lightbox=\"yes\" data-elementor-lightbox-slideshow=\"a903e56\" data-elementor-lightbox-title=\"19-06-2009 Briare f\u00eate musique n\u00b02\" data-elementor-lightbox-description=\"2009 - Briare - F\u00eate de la musique\" data-e-action-hash=\"#elementor-action%3Aaction%3Dlightbox%26settings%3DeyJpZCI6NDY4LCJ1cmwiOiJodHRwczpcL1wvd3d3LmR1b3Bhc3Npb24uZnJcL3dwLWNvbnRlbnRcL3VwbG9hZHNcLzIwMjZcLzAxXC8xOS0wNi0yMDA5LUJyaWFyZS1mZXRlLW11c2lxdWUtblx1MDBiMDIuanBnIiwic2xpZGVzaG93IjoiYTkwM2U1NiJ9\" href=\"https:\/\/www.duopassion.fr\/wp-content\/uploads\/2026\/01\/19-06-2009-Briare-fete-musique-n\u00b02.jpg\"><figure class=\"swiper-slide-inner\"><img decoding=\"async\" class=\"swiper-slide-image\" src=\"https:\/\/www.duopassion.fr\/wp-content\/uploads\/2026\/01\/19-06-2009-Briare-fete-musique-n\u00b02-225x300.jpg\" alt=\"2009 - Briare - F\u00eate de la musique\" \/><figcaption class=\"elementor-image-carousel-caption\">2009 - Briare - F\u00eate de la musique<\/figcaption><\/figure><\/a><\/div><div class=\"swiper-slide\" role=\"group\" aria-roledescription=\"slide\" aria-label=\"5 sur 10\"><a data-elementor-open-lightbox=\"yes\" data-elementor-lightbox-slideshow=\"a903e56\" data-elementor-lightbox-title=\"19-06-2009 Briare F\u00eate musique n\u00b03\" data-elementor-lightbox-description=\"2009 - Briare - F\u00eate de la musique\" data-e-action-hash=\"#elementor-action%3Aaction%3Dlightbox%26settings%3DeyJpZCI6NDY5LCJ1cmwiOiJodHRwczpcL1wvd3d3LmR1b3Bhc3Npb24uZnJcL3dwLWNvbnRlbnRcL3VwbG9hZHNcLzIwMjZcLzAxXC8xOS0wNi0yMDA5LUJyaWFyZS1GZXRlLW11c2lxdWUtblx1MDBiMDMuanBnIiwic2xpZGVzaG93IjoiYTkwM2U1NiJ9\" href=\"https:\/\/www.duopassion.fr\/wp-content\/uploads\/2026\/01\/19-06-2009-Briare-Fete-musique-n\u00b03.jpg\"><figure class=\"swiper-slide-inner\"><img decoding=\"async\" class=\"swiper-slide-image\" src=\"https:\/\/www.duopassion.fr\/wp-content\/uploads\/2026\/01\/19-06-2009-Briare-Fete-musique-n\u00b03-300x225.jpg\" alt=\"2009 - Briare - F\u00eate de la musique\" \/><figcaption class=\"elementor-image-carousel-caption\">2009 - Briare - F\u00eate de la musique<\/figcaption><\/figure><\/a><\/div><div class=\"swiper-slide\" role=\"group\" aria-roledescription=\"slide\" aria-label=\"6 sur 10\"><a data-elementor-open-lightbox=\"yes\" data-elementor-lightbox-slideshow=\"a903e56\" data-elementor-lightbox-title=\"19-06-2009 Briare f\u00eate musique n\u00b04\" data-elementor-lightbox-description=\"2009 - Briare - F\u00eate de la musique\" data-e-action-hash=\"#elementor-action%3Aaction%3Dlightbox%26settings%3DeyJpZCI6NDcwLCJ1cmwiOiJodHRwczpcL1wvd3d3LmR1b3Bhc3Npb24uZnJcL3dwLWNvbnRlbnRcL3VwbG9hZHNcLzIwMjZcLzAxXC8xOS0wNi0yMDA5LUJyaWFyZS1mZXRlLW11c2lxdWUtblx1MDBiMDQuanBnIiwic2xpZGVzaG93IjoiYTkwM2U1NiJ9\" href=\"https:\/\/www.duopassion.fr\/wp-content\/uploads\/2026\/01\/19-06-2009-Briare-fete-musique-n\u00b04.jpg\"><figure class=\"swiper-slide-inner\"><img decoding=\"async\" class=\"swiper-slide-image\" src=\"https:\/\/www.duopassion.fr\/wp-content\/uploads\/2026\/01\/19-06-2009-Briare-fete-musique-n\u00b04-225x300.jpg\" alt=\"2009 - Briare - F\u00eate de la musique\" \/><figcaption class=\"elementor-image-carousel-caption\">2009 - Briare - F\u00eate de la musique<\/figcaption><\/figure><\/a><\/div><div class=\"swiper-slide\" role=\"group\" aria-roledescription=\"slide\" aria-label=\"7 sur 10\"><a data-elementor-open-lightbox=\"yes\" data-elementor-lightbox-slideshow=\"a903e56\" data-elementor-lightbox-title=\"19-06-2009 Briare F\u00eate musique n\u00b05\" data-elementor-lightbox-description=\"2009 - Briare - F\u00eate de la musique\" data-e-action-hash=\"#elementor-action%3Aaction%3Dlightbox%26settings%3DeyJpZCI6NDcxLCJ1cmwiOiJodHRwczpcL1wvd3d3LmR1b3Bhc3Npb24uZnJcL3dwLWNvbnRlbnRcL3VwbG9hZHNcLzIwMjZcLzAxXC8xOS0wNi0yMDA5LUJyaWFyZS1GZXRlLW11c2lxdWUtblx1MDBiMDUtMS5qcGciLCJzbGlkZXNob3ciOiJhOTAzZTU2In0%3D\" href=\"https:\/\/www.duopassion.fr\/wp-content\/uploads\/2026\/01\/19-06-2009-Briare-Fete-musique-n\u00b05-1.jpg\"><figure class=\"swiper-slide-inner\"><img decoding=\"async\" class=\"swiper-slide-image\" src=\"https:\/\/www.duopassion.fr\/wp-content\/uploads\/2026\/01\/19-06-2009-Briare-Fete-musique-n\u00b05-1-300x295.jpg\" alt=\"2009 - Briare - F\u00eate de la musique\" \/><figcaption class=\"elementor-image-carousel-caption\">2009 - Briare - F\u00eate de la musique<\/figcaption><\/figure><\/a><\/div><div class=\"swiper-slide\" role=\"group\" aria-roledescription=\"slide\" aria-label=\"8 sur 10\"><a data-elementor-open-lightbox=\"yes\" data-elementor-lightbox-slideshow=\"a903e56\" data-elementor-lightbox-title=\"19-06-2009 Briare F\u00eate musique n\u00b06\" data-elementor-lightbox-description=\"2009 - Briare - F\u00eate de la musique\" data-e-action-hash=\"#elementor-action%3Aaction%3Dlightbox%26settings%3DeyJpZCI6NDcyLCJ1cmwiOiJodHRwczpcL1wvd3d3LmR1b3Bhc3Npb24uZnJcL3dwLWNvbnRlbnRcL3VwbG9hZHNcLzIwMjZcLzAxXC8xOS0wNi0yMDA5LUJyaWFyZS1GZXRlLW11c2lxdWUtblx1MDBiMDYuanBnIiwic2xpZGVzaG93IjoiYTkwM2U1NiJ9\" href=\"https:\/\/www.duopassion.fr\/wp-content\/uploads\/2026\/01\/19-06-2009-Briare-Fete-musique-n\u00b06.jpg\"><figure class=\"swiper-slide-inner\"><img decoding=\"async\" class=\"swiper-slide-image\" src=\"https:\/\/www.duopassion.fr\/wp-content\/uploads\/2026\/01\/19-06-2009-Briare-Fete-musique-n\u00b06-300x225.jpg\" alt=\"2009 - Briare - F\u00eate de la musique\" \/><figcaption class=\"elementor-image-carousel-caption\">2009 - Briare - F\u00eate de la musique<\/figcaption><\/figure><\/a><\/div><div class=\"swiper-slide\" role=\"group\" aria-roledescription=\"slide\" aria-label=\"9 sur 10\"><a data-elementor-open-lightbox=\"yes\" data-elementor-lightbox-slideshow=\"a903e56\" data-elementor-lightbox-title=\"104_0427\" data-elementor-lightbox-description=\"2003 - Gien - F\u00eate de la musique\" data-e-action-hash=\"#elementor-action%3Aaction%3Dlightbox%26settings%3DeyJpZCI6NDY3LCJ1cmwiOiJodHRwczpcL1wvd3d3LmR1b3Bhc3Npb24uZnJcL3dwLWNvbnRlbnRcL3VwbG9hZHNcLzIwMjZcLzAxXC8xMDRfMDQyNy5qcGciLCJzbGlkZXNob3ciOiJhOTAzZTU2In0%3D\" href=\"https:\/\/www.duopassion.fr\/wp-content\/uploads\/2026\/01\/104_0427.jpg\"><figure class=\"swiper-slide-inner\"><img decoding=\"async\" class=\"swiper-slide-image\" src=\"https:\/\/www.duopassion.fr\/wp-content\/uploads\/2026\/01\/104_0427-300x225.jpg\" alt=\"2003 - Gien - F\u00eate de la musique\" \/><figcaption class=\"elementor-image-carousel-caption\">2003 - Gien - F\u00eate de la musique<\/figcaption><\/figure><\/a><\/div><div class=\"swiper-slide\" role=\"group\" aria-roledescription=\"slide\" aria-label=\"10 sur 10\"><a data-elementor-open-lightbox=\"yes\" data-elementor-lightbox-slideshow=\"a903e56\" data-elementor-lightbox-title=\"104_0426\" data-elementor-lightbox-description=\"2003 - Gien - F\u00eate de la musique\" data-e-action-hash=\"#elementor-action%3Aaction%3Dlightbox%26settings%3DeyJpZCI6NDY2LCJ1cmwiOiJodHRwczpcL1wvd3d3LmR1b3Bhc3Npb24uZnJcL3dwLWNvbnRlbnRcL3VwbG9hZHNcLzIwMjZcLzAxXC8xMDRfMDQyNi1yb3RhdGVkLmpwZyIsInNsaWRlc2hvdyI6ImE5MDNlNTYifQ%3D%3D\" href=\"https:\/\/www.duopassion.fr\/wp-content\/uploads\/2026\/01\/104_0426-rotated.jpg\"><figure class=\"swiper-slide-inner\"><img decoding=\"async\" class=\"swiper-slide-image\" src=\"https:\/\/www.duopassion.fr\/wp-content\/uploads\/2026\/01\/104_0426-225x300.jpg\" alt=\"2003 - Gien - F\u00eate de la musique\" \/><figcaption class=\"elementor-image-carousel-caption\">2003 - Gien - F\u00eate de la musique<\/figcaption><\/figure><\/a><\/div>\t\t\t<\/div>\n\t\t\t\t\t\t\t\t\t\t\t\t<div class=\"elementor-swiper-button elementor-swiper-button-prev\" role=\"button\" tabindex=\"0\">\n\t\t\t\t\t\t<svg aria-hidden=\"true\" class=\"e-font-icon-svg e-eicon-chevron-left\" viewBox=\"0 0 1000 1000\" xmlns=\"http:\/\/www.w3.org\/2000\/svg\"><path d=\"M646 125C629 125 613 133 604 142L308 442C296 454 292 471 292 487 292 504 296 521 308 533L604 854C617 867 629 875 646 875 663 875 679 871 692 858 704 846 713 829 713 812 713 796 708 779 692 767L438 487 692 225C700 217 708 204 708 187 708 171 704 154 692 142 675 129 663 125 646 125Z\"><\/path><\/svg>\t\t\t\t\t<\/div>\n\t\t\t\t\t<div class=\"elementor-swiper-button elementor-swiper-button-next\" role=\"button\" tabindex=\"0\">\n\t\t\t\t\t\t<svg aria-hidden=\"true\" class=\"e-font-icon-svg e-eicon-chevron-right\" viewBox=\"0 0 1000 1000\" xmlns=\"http:\/\/www.w3.org\/2000\/svg\"><path d=\"M696 533C708 521 713 504 713 487 713 471 708 454 696 446L400 146C388 133 375 125 354 125 338 125 325 129 313 142 300 154 292 171 292 187 292 204 296 221 308 233L563 492 304 771C292 783 288 800 288 817 288 833 296 850 308 863 321 871 338 875 354 875 371 875 388 867 400 854L696 533Z\"><\/path><\/svg>\t\t\t\t\t<\/div>\n\t\t\t\t\n\t\t\t\t\t\t\t\t\t<\/div>\n\t\t\t\t\t\t<\/div>\n\t\t\t\t<\/div>\n\t\t<div id=\"e-n-tab-content-1417125542\" role=\"tabpanel\" aria-labelledby=\"e-n-tab-title-1417125542\" data-tab-index=\"2\" style=\"--n-tabs-title-order: 2;\" class=\" elementor-element elementor-element-e1bd9ba e-con-full e-flex e-con e-child\" data-id=\"e1bd9ba\" data-element_type=\"container\">\n\t\t<div class=\"elementor-element elementor-element-5d41491 e-flex e-con-boxed e-con e-child\" data-id=\"5d41491\" data-element_type=\"container\">\n\t\t\t\t\t<div class=\"e-con-inner\">\n\t\t<div class=\"elementor-element elementor-element-327334d e-grid e-con-full e-con e-child\" data-id=\"327334d\" data-element_type=\"container\">\n\t\t<div class=\"elementor-element elementor-element-687e908 e-con-full e-flex e-con e-child\" data-id=\"687e908\" data-element_type=\"container\">\n\t\t\t\t<div class=\"elementor-element elementor-element-2630a80 elementor-widget elementor-widget-video\" data-id=\"2630a80\" data-element_type=\"widget\" data-settings=\"{&quot;video_type&quot;:&quot;hosted&quot;,&quot;controls&quot;:&quot;yes&quot;}\" data-widget_type=\"video.default\">\n\t\t\t\t\t\t\t<div class=\"e-hosted-video elementor-wrapper elementor-open-inline\">\n\t\t\t\t\t<video class=\"elementor-video\" src=\"http:\/\/www.duopassion.fr\/wp-content\/uploads\/2026\/02\/Le_Danseur_De_Charleston-1.mp4\" controls=\"\" preload=\"metadata\" controlsList=\"nodownload\"><\/video>\n\t\t\t\t<\/div>\n\t\t\t\t\t\t<\/div>\n\t\t\t\t<div class=\"elementor-element elementor-element-bd9ba42 elementor-widget elementor-widget-text-editor\" data-id=\"bd9ba42\" data-element_type=\"widget\" data-widget_type=\"text-editor.default\">\n\t\t\t\t\t\t\t\t\t<p style=\"text-align: center;\"><strong>Le danseur de charleston<\/strong><br \/><strong>(Philippe Clay)<\/strong><\/p>\t\t\t\t\t\t\t\t<\/div>\n\t\t\t\t<\/div>\n\t\t<div class=\"elementor-element elementor-element-66b9575 e-con-full e-flex e-con e-child\" data-id=\"66b9575\" data-element_type=\"container\">\n\t\t\t\t<div class=\"elementor-element elementor-element-023eba2 elementor-widget elementor-widget-video\" data-id=\"023eba2\" data-element_type=\"widget\" data-settings=\"{&quot;video_type&quot;:&quot;hosted&quot;,&quot;controls&quot;:&quot;yes&quot;}\" data-widget_type=\"video.default\">\n\t\t\t\t\t\t\t<div class=\"e-hosted-video elementor-wrapper elementor-open-inline\">\n\t\t\t\t\t<video class=\"elementor-video\" src=\"http:\/\/www.duopassion.fr\/wp-content\/uploads\/2026\/02\/Minor_Swing.mp4\" controls=\"\" preload=\"metadata\" controlsList=\"nodownload\"><\/video>\n\t\t\t\t<\/div>\n\t\t\t\t\t\t<\/div>\n\t\t\t\t<div class=\"elementor-element elementor-element-d20fe36 elementor-widget elementor-widget-text-editor\" data-id=\"d20fe36\" data-element_type=\"widget\" data-widget_type=\"text-editor.default\">\n\t\t\t\t\t\t\t\t\t<p style=\"text-align: center;\"><strong>Minor Swing<\/strong><br \/><strong>(Django Reinhardt)<\/strong><\/p>\t\t\t\t\t\t\t\t<\/div>\n\t\t\t\t<\/div>\n\t\t<div class=\"elementor-element elementor-element-b5b17a5 e-con-full e-flex e-con e-child\" data-id=\"b5b17a5\" data-element_type=\"container\">\n\t\t\t\t<div class=\"elementor-element elementor-element-50f8136 elementor-widget elementor-widget-html\" data-id=\"50f8136\" data-element_type=\"widget\" data-widget_type=\"html.default\">\n\t\t\t\t\t<div style=\"position:relative; display:inline-block;text-align:center\">\r\n\r\n\r\n<img decoding=\"async\" src=\"http:\/\/www.duopassion.fr\/wp-content\/uploads\/2026\/01\/104_0426-rotated.jpg\" title=\"Sournoise (Sylviane Thuault)\"  style=\"cursor:pointer;width:42%; \"\r\n>\r\n <figure class=\"wp-block-audio\">\r\n         <audio controls=\"\" src=\"http:\/\/www.duopassion.fr\/wp-content\/uploads\/2026\/02\/01-Piste-1.mp3\">       \r\n         <\/audio>\r\n         <\/figure>\r\n<\/div>\t\t\t\t<\/div>\n\t\t\t\t<div class=\"elementor-element elementor-element-3030c44 elementor-widget elementor-widget-text-editor\" data-id=\"3030c44\" data-element_type=\"widget\" data-widget_type=\"text-editor.default\">\n\t\t\t\t\t\t\t\t\t<p style=\"text-align: center;\"><strong>Sournoise<\/strong><br \/><strong>(Sylviane Thuault)<\/strong><\/p>\t\t\t\t\t\t\t\t<\/div>\n\t\t\t\t<\/div>\n\t\t\t\t<\/div>\n\t\t<div class=\"elementor-element elementor-element-00d2f11 e-grid e-con-full e-con e-child\" data-id=\"00d2f11\" data-element_type=\"container\">\n\t\t<div class=\"elementor-element elementor-element-72e19ad e-con-full e-flex e-con e-child\" data-id=\"72e19ad\" data-element_type=\"container\">\n\t\t\t\t<div class=\"elementor-element elementor-element-b4b0f28 elementor-widget elementor-widget-video\" data-id=\"b4b0f28\" data-element_type=\"widget\" data-settings=\"{&quot;video_type&quot;:&quot;hosted&quot;,&quot;controls&quot;:&quot;yes&quot;}\" data-widget_type=\"video.default\">\n\t\t\t\t\t\t\t<div class=\"e-hosted-video elementor-wrapper elementor-open-inline\">\n\t\t\t\t\t<video class=\"elementor-video\" src=\"http:\/\/www.duopassion.fr\/wp-content\/uploads\/2026\/02\/Sertoa.mp4\" controls=\"\" preload=\"metadata\" controlsList=\"nodownload\"><\/video>\n\t\t\t\t<\/div>\n\t\t\t\t\t\t<\/div>\n\t\t\t\t<div class=\"elementor-element elementor-element-7c00191 elementor-widget elementor-widget-text-editor\" data-id=\"7c00191\" data-element_type=\"widget\" data-widget_type=\"text-editor.default\">\n\t\t\t\t\t\t\t\t\t<p style=\"text-align: center;\"><strong>Serta\u00f5<\/strong><br \/><strong>(Richard Galliano)<\/strong><\/p>\t\t\t\t\t\t\t\t<\/div>\n\t\t\t\t<\/div>\n\t\t<div class=\"elementor-element elementor-element-9f1f4e0 e-con-full e-flex e-con e-child\" data-id=\"9f1f4e0\" data-element_type=\"container\">\n\t\t\t\t<div class=\"elementor-element elementor-element-de91f01 elementor-widget elementor-widget-html\" data-id=\"de91f01\" data-element_type=\"widget\" data-widget_type=\"html.default\">\n\t\t\t\t\t<div style=\"position:relative; display:inline-block;text-align:center\">\r\n\r\n\r\n<img decoding=\"async\" src=\"http:\/\/www.duopassion.fr\/wp-content\/uploads\/2025\/10\/a87190473da64740a168fa84650614d8.base_.image_.jpg\" title=\"Sournoise (Sylviane Thuault)\"  style=\"cursor:pointer;width:42%; \"\r\n>\r\n<figure class=\"wp-block-audio\">\r\n         <audio controls=\"\" src=\"http:\/\/www.duopassion.fr\/wp-content\/uploads\/2026\/02\/09-Piste-9.mp3\">       \r\n         <\/audio>\r\n         <\/figure>\r\n \r\n<\/div>\t\t\t\t<\/div>\n\t\t\t\t<div class=\"elementor-element elementor-element-738f205 elementor-widget elementor-widget-text-editor\" data-id=\"738f205\" data-element_type=\"widget\" data-widget_type=\"text-editor.default\">\n\t\t\t\t\t\t\t\t\t<p style=\"text-align: center;\"><strong>Idylle romantique<\/strong><br \/><strong>(Sylviane Thuault)<br \/><br \/><\/strong><\/p>\t\t\t\t\t\t\t\t<\/div>\n\t\t\t\t<\/div>\n\t\t\t\t<\/div>\n\t\t\t\t\t<\/div>\n\t\t\t\t<\/div>\n\t\t\t\t<\/div>\n\t\t\t\t\t<\/div>\n\t\t<\/div>\n\t\t\t\t\t\t<\/div>\n\t\t\t\t\t<\/div>\n\t\t\t\t<\/div>\n\t\t\t\t<\/div>\n\t\t","protected":false},"excerpt":{"rendered":"<p>Photos Vid\u00e9os 2023 &#8211; Gien &#8211; Sc\u00e9ne ouverte 2024 &#8211; Gien &#8211; Sc\u00e9ne ouverte 2012 Blet &#8211; Festival de jazz [&hellip;]<\/p>\n","protected":false},"author":1,"featured_media":0,"parent":0,"menu_order":0,"comment_status":"closed","ping_status":"closed","template":"","meta":{"site-sidebar-layout":"default","site-content-layout":"","ast-site-content-layout":"default","site-content-style":"default","site-sidebar-style":"default","ast-global-header-display":"","ast-banner-title-visibility":"","ast-main-header-display":"","ast-hfb-above-header-display":"","ast-hfb-below-header-display":"","ast-hfb-mobile-header-display":"","site-post-title":"","ast-breadcrumbs-content":"","ast-featured-img":"","footer-sml-layout":"","theme-transparent-header-meta":"","adv-header-id-meta":"","stick-header-meta":"","header-above-stick-meta":"","header-main-stick-meta":"","header-below-stick-meta":"","astra-migrate-meta-layouts":"default","ast-page-background-enabled":"default","ast-page-background-meta":{"desktop":{"background-color":"var(--ast-global-color-5)","background-image":"","background-repeat":"repeat","background-position":"center center","background-size":"auto","background-attachment":"scroll","background-type":"","background-media":"","overlay-type":"","overlay-color":"","overlay-opacity":"","overlay-gradient":""},"tablet":{"background-color":"","background-image":"","background-repeat":"repeat","background-position":"center center","background-size":"auto","background-attachment":"scroll","background-type":"","background-media":"","overlay-type":"","overlay-color":"","overlay-opacity":"","overlay-gradient":""},"mobile":{"background-color":"","background-image":"","background-repeat":"repeat","background-position":"center center","background-size":"auto","background-attachment":"scroll","background-type":"","background-media":"","overlay-type":"","overlay-color":"","overlay-opacity":"","overlay-gradient":""}},"ast-content-background-meta":{"desktop":{"background-color":"var(--ast-global-color-4)","background-image":"","background-repeat":"repeat","background-position":"center center","background-size":"auto","background-attachment":"scroll","background-type":"","background-media":"","overlay-type":"","overlay-color":"","overlay-opacity":"","overlay-gradient":""},"tablet":{"background-color":"var(--ast-global-color-4)","background-image":"","background-repeat":"repeat","background-position":"center center","background-size":"auto","background-attachment":"scroll","background-type":"","background-media":"","overlay-type":"","overlay-color":"","overlay-opacity":"","overlay-gradient":""},"mobile":{"background-color":"var(--ast-global-color-4)","background-image":"","background-repeat":"repeat","background-position":"center center","background-size":"auto","background-attachment":"scroll","background-type":"","background-media":"","overlay-type":"","overlay-color":"","overlay-opacity":"","overlay-gradient":""}},"footnotes":""},"class_list":["post-2","page","type-page","status-publish","hentry"],"_links":{"self":[{"href":"https:\/\/www.duopassion.fr\/index.php\/wp-json\/wp\/v2\/pages\/2","targetHints":{"allow":["GET"]}}],"collection":[{"href":"https:\/\/www.duopassion.fr\/index.php\/wp-json\/wp\/v2\/pages"}],"about":[{"href":"https:\/\/www.duopassion.fr\/index.php\/wp-json\/wp\/v2\/types\/page"}],"author":[{"embeddable":true,"href":"https:\/\/www.duopassion.fr\/index.php\/wp-json\/wp\/v2\/users\/1"}],"replies":[{"embeddable":true,"href":"https:\/\/www.duopassion.fr\/index.php\/wp-json\/wp\/v2\/comments?post=2"}],"version-history":[{"count":49,"href":"https:\/\/www.duopassion.fr\/index.php\/wp-json\/wp\/v2\/pages\/2\/revisions"}],"predecessor-version":[{"id":602,"href":"https:\/\/www.duopassion.fr\/index.php\/wp-json\/wp\/v2\/pages\/2\/revisions\/602"}],"wp:attachment":[{"href":"https:\/\/www.duopassion.fr\/index.php\/wp-json\/wp\/v2\/media?parent=2"}],"curies":[{"name":"wp","href":"https:\/\/api.w.org\/{rel}","templated":true}]}}