{"id":183,"date":"2025-10-30T15:50:24","date_gmt":"2025-10-30T14:50:24","guid":{"rendered":"https:\/\/www.duopassion.fr\/?page_id=183"},"modified":"2026-01-30T14:30:48","modified_gmt":"2026-01-30T13:30:48","slug":"presentation_musiciens","status":"publish","type":"page","link":"https:\/\/www.duopassion.fr\/index.php\/presentation_musiciens\/","title":{"rendered":"Pr\u00e9sentation_Musiciens"},"content":{"rendered":"\t\t<div data-elementor-type=\"wp-page\" data-elementor-id=\"183\" class=\"elementor elementor-183\">\n\t\t\t\t<div class=\"elementor-element elementor-element-2cca89e e-flex e-con-boxed e-con e-parent\" data-id=\"2cca89e\" data-element_type=\"container\">\n\t\t\t\t\t<div class=\"e-con-inner\">\n\t\t\t\t<div class=\"elementor-element elementor-element-e672b77 elementor-widget elementor-widget-heading\" data-id=\"e672b77\" data-element_type=\"widget\" data-widget_type=\"heading.default\">\n\t\t\t\t\t<h3 class=\"elementor-heading-title elementor-size-default\">Pr\u00e9sentation des musiciens<\/h3>\t\t\t\t<\/div>\n\t\t\t\t\t<\/div>\n\t\t\t\t<\/div>\n\t\t<div class=\"elementor-element elementor-element-e7b526a e-grid e-con-boxed e-con e-parent\" data-id=\"e7b526a\" data-element_type=\"container\">\n\t\t\t\t\t<div class=\"e-con-inner\">\n\t\t\t\t<div class=\"elementor-element elementor-element-3667887 elementor-widget elementor-widget-image\" data-id=\"3667887\" data-element_type=\"widget\" data-widget_type=\"image.default\">\n\t\t\t\t\t\t\t\t\t\t\t\t<figure class=\"wp-caption\">\n\t\t\t\t\t\t\t\t\t\t<img fetchpriority=\"high\" decoding=\"async\" width=\"192\" height=\"300\" src=\"https:\/\/www.duopassion.fr\/wp-content\/uploads\/2026\/01\/Aout-2015-YOUTUBE-PAGE-DE-GARDE-192x300.jpg\" class=\"attachment-medium size-medium wp-image-369\" alt=\"\" srcset=\"https:\/\/www.duopassion.fr\/wp-content\/uploads\/2026\/01\/Aout-2015-YOUTUBE-PAGE-DE-GARDE-192x300.jpg 192w, https:\/\/www.duopassion.fr\/wp-content\/uploads\/2026\/01\/Aout-2015-YOUTUBE-PAGE-DE-GARDE-654x1024.jpg 654w, https:\/\/www.duopassion.fr\/wp-content\/uploads\/2026\/01\/Aout-2015-YOUTUBE-PAGE-DE-GARDE-768x1202.jpg 768w, https:\/\/www.duopassion.fr\/wp-content\/uploads\/2026\/01\/Aout-2015-YOUTUBE-PAGE-DE-GARDE-981x1536.jpg 981w, https:\/\/www.duopassion.fr\/wp-content\/uploads\/2026\/01\/Aout-2015-YOUTUBE-PAGE-DE-GARDE.jpg 1058w\" sizes=\"(max-width: 192px) 100vw, 192px\" \/>\t\t\t\t\t\t\t\t\t\t\t<figcaption class=\"widget-image-caption wp-caption-text\"><\/figcaption>\n\t\t\t\t\t\t\t\t\t\t<\/figure>\n\t\t\t\t\t\t\t\t\t<\/div>\n\t\t\t\t<div class=\"elementor-element elementor-element-753fd12 elementor-widget elementor-widget-image\" data-id=\"753fd12\" data-element_type=\"widget\" data-widget_type=\"image.default\">\n\t\t\t\t\t\t\t\t\t\t\t\t\t\t\t<img decoding=\"async\" width=\"300\" height=\"295\" src=\"https:\/\/www.duopassion.fr\/wp-content\/uploads\/2026\/01\/19-06-2009-Briare-Fete-musique-n\u00b05-300x295.jpg\" class=\"attachment-medium size-medium wp-image-370\" alt=\"2009 - Briare - F\u00eate de la musique\" srcset=\"https:\/\/www.duopassion.fr\/wp-content\/uploads\/2026\/01\/19-06-2009-Briare-Fete-musique-n\u00b05-300x295.jpg 300w, https:\/\/www.duopassion.fr\/wp-content\/uploads\/2026\/01\/19-06-2009-Briare-Fete-musique-n\u00b05-1024x1008.jpg 1024w, https:\/\/www.duopassion.fr\/wp-content\/uploads\/2026\/01\/19-06-2009-Briare-Fete-musique-n\u00b05-768x756.jpg 768w, https:\/\/www.duopassion.fr\/wp-content\/uploads\/2026\/01\/19-06-2009-Briare-Fete-musique-n\u00b05-1536x1512.jpg 1536w, https:\/\/www.duopassion.fr\/wp-content\/uploads\/2026\/01\/19-06-2009-Briare-Fete-musique-n\u00b05.jpg 1559w\" sizes=\"(max-width: 300px) 100vw, 300px\" \/>\t\t\t\t\t\t\t\t\t\t\t\t\t\t\t<\/div>\n\t\t\t\t\t<\/div>\n\t\t\t\t<\/div>\n\t\t<div class=\"elementor-element elementor-element-097c296 e-grid e-con-boxed e-con e-parent\" data-id=\"097c296\" data-element_type=\"container\">\n\t\t\t\t\t<div class=\"e-con-inner\">\n\t\t\t\t<div class=\"elementor-element elementor-element-ee38e3d elementor-widget elementor-widget-text-editor\" data-id=\"ee38e3d\" data-element_type=\"widget\" data-widget_type=\"text-editor.default\">\n\t\t\t\t\t\t\t\t\t<p><strong>Sylviane THUAULT<\/strong> <br \/><em>Professeure d&rsquo;accord\u00e9on dipl\u00f4m\u00e9e de l&rsquo;E.N.M de Paris<br \/><\/em><\/p>\t\t\t\t\t\t\t\t<\/div>\n\t\t\t\t<div class=\"elementor-element elementor-element-f659bdb elementor-widget elementor-widget-text-editor\" data-id=\"f659bdb\" data-element_type=\"widget\" data-widget_type=\"text-editor.default\">\n\t\t\t\t\t\t\t\t\t<p><strong>Jean-Pierre BLONDEAU<br \/><\/strong><em>Dipl\u00f4m\u00e9 de l&rsquo;\u00e9cole de batterie Agostini<\/em><\/p>\t\t\t\t\t\t\t\t<\/div>\n\t\t\t\t<div class=\"elementor-element elementor-element-1501b7b elementor-widget elementor-widget-text-editor\" data-id=\"1501b7b\" data-element_type=\"widget\" data-widget_type=\"text-editor.default\">\n\t\t\t\t\t\t\t\t\t<p>Sylviane THUAULT d\u00e9couvre l\u2019accord\u00e9on \u00e0 10 ans avec son professeur Paul JOUANNET.<br><span style=\"font-style: inherit; font-weight: inherit;\">D\u00e8s l\u2019\u00e2ge de 12 ans, elle cr\u00e9e avec son fr\u00e8re \u00e0 la trompette, son orchestre de bal<\/span><span style=\"font-style: inherit; font-weight: inherit;\">\u00ab&nbsp;Les ARMANDIA\u2019S&nbsp;\u00bb.&nbsp;<br><\/span><span style=\"font-style: inherit; font-weight: inherit;\">A 16 ans, elle va \u00e0 Paris, poursuivre ses \u00e9tudes musicales \u00e0 l\u2019Acad\u00e9mie d\u2019Accord\u00e9on avec les plus grands dans le domaine : Andr\u00e9 Astier, Marcel Azzola, Joss Baselli et&nbsp;<br><\/span><span style=\"font-style: inherit; font-weight: inherit;\">Jo\u00eb Rossi et<\/span><span style=\"font-style: inherit; font-weight: inherit;\">&nbsp;rentre \u00e0 l\u2019Ecole Normale de Musique (E.N.M) en classe de solf\u00e8ge, d\u2019\u00e9criture<br><\/span><span style=\"font-style: inherit; font-weight: inherit;\">et de piano.<br><\/span><span style=\"font-style: inherit; font-weight: inherit;\">Elle remporte de nombreux concours \u00e0 l\u2019A.C.F (Accord\u00e9on Club de France) et<br><\/span><span style=\"font-style: inherit; font-weight: inherit;\">\u00e0&nbsp; l\u2019U.N.A.F (Union National des Accord\u00e9onistes de France) et<br><\/span><span style=\"font-style: inherit; font-weight: inherit;\">termine finaliste \u00e0 la Coupe de France du Pr\u00e9sident de la R\u00e9publique en 1981 \u00e0 l\u2019accord\u00e9on basses chromatiques.<br><\/span><span style=\"font-style: inherit; font-weight: inherit;\">Dipl\u00f4m\u00e9e de l\u2019E.N.M de Paris et membre de la S.A.C.E.M comme compositrice ,<br><\/span><span style=\"font-style: inherit; font-weight: inherit;\">Sylviane est aussi professeur dipl\u00f4m\u00e9e d\u2019accord\u00e9on et dirige un Orchestre d\u2019Accord\u00e9ons.<\/span><\/p>\t\t\t\t\t\t\t\t<\/div>\n\t\t\t\t<div class=\"elementor-element elementor-element-87d569b elementor-widget elementor-widget-text-editor\" data-id=\"87d569b\" data-element_type=\"widget\" data-widget_type=\"text-editor.default\">\n\t\t\t\t\t\t\t\t\t<p>Jean-Pierre BLONDEAU est attir\u00e9 tr\u00e8s jeune par la batterie sous l&rsquo;influence <br>de Christian GARROS, batteur de jazz, qu&rsquo;il a remarqu\u00e9 lors d&rsquo;une prestation \u00e0 Gien.<br><span style=\"font-style: inherit; font-weight: inherit;\">Il d\u00e9cide donc d&rsquo;\u00e9tudier cet instrument avec Pierre MAITRE, batteur r\u00e9gional<br><\/span><span style=\"font-style: inherit; font-weight: inherit;\">qui d\u00e9veloppe un jeu tr\u00e8s moderne pour l&rsquo;\u00e9poque.<br><\/span><span style=\"font-style: inherit; font-weight: inherit;\">Puis Jean-Pierre pratique la sc\u00e8ne avec principalement les bals.<br><\/span><span style=\"font-style: inherit; font-weight: inherit;\">Son \u00e9volution rapide \u00e0 la batterie l&rsquo;am\u00e8ne \u00e0 suivre pendant 8 ans un enseignement&nbsp;<br><\/span><span style=\"font-style: inherit; font-weight: inherit;\">avec Jean BRISSARD \u00e0 l&rsquo;Ecole Nationale d&rsquo;Agostini \u00e0 Orl\u00e9ans o\u00f9 il obtient<br><\/span><span style=\"font-style: inherit; font-weight: inherit;\">son dipl\u00f4me sup\u00e9rieur avec un 1er Prix.<br><\/span><span style=\"font-style: inherit; font-weight: inherit;\">Il gravite dans de nombreux groupes de toute nature et fait \u00e9galement des remplacements dans des orchestres professionnels.<br><\/span><span style=\"font-style: inherit; font-weight: inherit;\">Puis en 1982, Jean-Pierre int\u00e8gre l&rsquo;orchestre&nbsp; \u00ab&nbsp;Les ARMANDIA\u2019S&nbsp;\u00bb<br><\/span><span style=\"font-style: inherit; font-weight: inherit;\">o\u00f9 il rencontre Sylviane THUAULT.<\/span><\/p>\t\t\t\t\t\t\t\t<\/div>\n\t\t\t\t\t<\/div>\n\t\t\t\t<\/div>\n\t\t\t\t<\/div>\n\t\t","protected":false},"excerpt":{"rendered":"<p>Pr\u00e9sentation des musiciens Sylviane THUAULT Professeure d&rsquo;accord\u00e9on dipl\u00f4m\u00e9e de l&rsquo;E.N.M de Paris Jean-Pierre BLONDEAUDipl\u00f4m\u00e9 de l&rsquo;\u00e9cole de batterie Agostini Sylviane [&hellip;]<\/p>\n","protected":false},"author":1,"featured_media":0,"parent":0,"menu_order":0,"comment_status":"closed","ping_status":"closed","template":"","meta":{"site-sidebar-layout":"no-sidebar","site-content-layout":"","ast-site-content-layout":"full-width-container","site-content-style":"default","site-sidebar-style":"default","ast-global-header-display":"","ast-banner-title-visibility":"","ast-main-header-display":"","ast-hfb-above-header-display":"","ast-hfb-below-header-display":"","ast-hfb-mobile-header-display":"","site-post-title":"","ast-breadcrumbs-content":"","ast-featured-img":"disabled","footer-sml-layout":"","theme-transparent-header-meta":"","adv-header-id-meta":"","stick-header-meta":"","header-above-stick-meta":"","header-main-stick-meta":"","header-below-stick-meta":"","astra-migrate-meta-layouts":"default","ast-page-background-enabled":"default","ast-page-background-meta":{"desktop":{"background-color":"var(--ast-global-color-5)","background-image":"","background-repeat":"repeat","background-position":"center center","background-size":"auto","background-attachment":"scroll","background-type":"","background-media":"","overlay-type":"","overlay-color":"","overlay-opacity":"","overlay-gradient":""},"tablet":{"background-color":"","background-image":"","background-repeat":"repeat","background-position":"center center","background-size":"auto","background-attachment":"scroll","background-type":"","background-media":"","overlay-type":"","overlay-color":"","overlay-opacity":"","overlay-gradient":""},"mobile":{"background-color":"","background-image":"","background-repeat":"repeat","background-position":"center center","background-size":"auto","background-attachment":"scroll","background-type":"","background-media":"","overlay-type":"","overlay-color":"","overlay-opacity":"","overlay-gradient":""}},"ast-content-background-meta":{"desktop":{"background-color":"var(--ast-global-color-4)","background-image":"","background-repeat":"repeat","background-position":"center center","background-size":"auto","background-attachment":"scroll","background-type":"","background-media":"","overlay-type":"","overlay-color":"","overlay-opacity":"","overlay-gradient":""},"tablet":{"background-color":"var(--ast-global-color-4)","background-image":"","background-repeat":"repeat","background-position":"center center","background-size":"auto","background-attachment":"scroll","background-type":"","background-media":"","overlay-type":"","overlay-color":"","overlay-opacity":"","overlay-gradient":""},"mobile":{"background-color":"var(--ast-global-color-4)","background-image":"","background-repeat":"repeat","background-position":"center center","background-size":"auto","background-attachment":"scroll","background-type":"","background-media":"","overlay-type":"","overlay-color":"","overlay-opacity":"","overlay-gradient":""}},"footnotes":""},"class_list":["post-183","page","type-page","status-publish","hentry"],"_links":{"self":[{"href":"https:\/\/www.duopassion.fr\/index.php\/wp-json\/wp\/v2\/pages\/183","targetHints":{"allow":["GET"]}}],"collection":[{"href":"https:\/\/www.duopassion.fr\/index.php\/wp-json\/wp\/v2\/pages"}],"about":[{"href":"https:\/\/www.duopassion.fr\/index.php\/wp-json\/wp\/v2\/types\/page"}],"author":[{"embeddable":true,"href":"https:\/\/www.duopassion.fr\/index.php\/wp-json\/wp\/v2\/users\/1"}],"replies":[{"embeddable":true,"href":"https:\/\/www.duopassion.fr\/index.php\/wp-json\/wp\/v2\/comments?post=183"}],"version-history":[{"count":77,"href":"https:\/\/www.duopassion.fr\/index.php\/wp-json\/wp\/v2\/pages\/183\/revisions"}],"predecessor-version":[{"id":498,"href":"https:\/\/www.duopassion.fr\/index.php\/wp-json\/wp\/v2\/pages\/183\/revisions\/498"}],"wp:attachment":[{"href":"https:\/\/www.duopassion.fr\/index.php\/wp-json\/wp\/v2\/media?parent=183"}],"curies":[{"name":"wp","href":"https:\/\/api.w.org\/{rel}","templated":true}]}}